{"id":94,"date":"2022-07-18T15:21:46","date_gmt":"2022-07-18T13:21:46","guid":{"rendered":"http:\/\/helloservices34.com\/?page_id=94"},"modified":"2022-10-11T11:44:34","modified_gmt":"2022-10-11T09:44:34","slug":"location-saisonniere","status":"publish","type":"page","link":"https:\/\/helloservices34.com\/?page_id=94","title":{"rendered":"Location saisonni\u00e8re"},"content":{"rendered":"\n<figure class=\"wp-block-image size-large\"><img loading=\"lazy\" width=\"1024\" height=\"683\" src=\"https:\/\/helloservices34.com\/wp-content\/uploads\/2022\/07\/Location-saisonnie\u0300re-WB-HelloServicesPro-3-1024x683.jpg\" alt=\"\" class=\"wp-image-237\" srcset=\"https:\/\/helloservices34.com\/wp-content\/uploads\/2022\/07\/Location-saisonnie\u0300re-WB-HelloServicesPro-3-1024x683.jpg 1024w, https:\/\/helloservices34.com\/wp-content\/uploads\/2022\/07\/Location-saisonnie\u0300re-WB-HelloServicesPro-3-300x200.jpg 300w, https:\/\/helloservices34.com\/wp-content\/uploads\/2022\/07\/Location-saisonnie\u0300re-WB-HelloServicesPro-3-768x512.jpg 768w, https:\/\/helloservices34.com\/wp-content\/uploads\/2022\/07\/Location-saisonnie\u0300re-WB-HelloServicesPro-3.jpg 1181w\" sizes=\"(max-width: 767px) 89vw, (max-width: 1000px) 54vw, (max-width: 1071px) 543px, 580px\" \/><\/figure>\n\n\n\n<h4>Propri\u00e9taires loueurs<\/h4>\n\n\n\n<h4>Chambres d\u2019h\u00f4tes \/ G\u00eetes \/ R\u00e9sidences de vacances<\/h4>\n\n\n\n<h4>Conciergeries \/ Agences immobili\u00e8res<\/h4>\n\n\n\n<h2>Vous louez un bien ou votre r\u00e9sidence pour de courts, moyens ou longs s\u00e9jours&nbsp;? <\/h2>\n\n\n\n<h2>D\u00e9couvrez tous nos services clef en main ou \u00e0 la carte, pour faciliter la gestion de vos locations saisonni\u00e8res.<\/h2>\n\n\n\n<figure class=\"wp-block-image size-large\"><img loading=\"lazy\" width=\"1024\" height=\"682\" src=\"https:\/\/helloservices34.com\/wp-content\/uploads\/2022\/07\/Location-saisonnie\u0300re-WB-HelloServicesPro34-1024x682.jpg\" alt=\"\" class=\"wp-image-235\" srcset=\"https:\/\/helloservices34.com\/wp-content\/uploads\/2022\/07\/Location-saisonnie\u0300re-WB-HelloServicesPro34-1024x682.jpg 1024w, https:\/\/helloservices34.com\/wp-content\/uploads\/2022\/07\/Location-saisonnie\u0300re-WB-HelloServicesPro34-300x200.jpg 300w, https:\/\/helloservices34.com\/wp-content\/uploads\/2022\/07\/Location-saisonnie\u0300re-WB-HelloServicesPro34-768x512.jpg 768w, https:\/\/helloservices34.com\/wp-content\/uploads\/2022\/07\/Location-saisonnie\u0300re-WB-HelloServicesPro34.jpg 1181w\" sizes=\"(max-width: 767px) 89vw, (max-width: 1000px) 54vw, (max-width: 1071px) 543px, 580px\" \/><\/figure>\n\n\n\n<h4><strong>Entre les locations<\/strong><\/h4>\n\n\n\n<ul><li>Accueil des locataires et remise du book client<\/li><li>Astreinte le long du s\u00e9jour de votre locataire avec double des cl\u00e9s si perte<\/li><li>M\u00e9nage entre les rotations \/ \u00e0 chaque d\u00e9part&nbsp;: \u00e0 partir de 28,80\u20ac TTC \/ heure<\/li><li>Fournitures linge de maison \/ gestion du linge<\/li><li>Check-in &amp; check-out \/ Rapport avec photo avant et apr\u00e8s d\u00e9part des locataires \u00e0 partir de 65\u20acHT<\/li><\/ul>\n\n\n\n<h4><strong>Mise en location<\/strong><\/h4>\n\n\n\n<p><strong>Vous trouvez les clients, nous vous aidons \u00e0 pr\u00e9parer votre maison \u00e0 la location<\/strong><\/p>\n\n\n\n<ul><li>Vidage de penderie et mise en cartons<\/li><li>M\u00e9nage de fond (vitres, int\u00e9rieur placards)<\/li><li>Jardinage en option<\/li><li>Nettoyage terrasse<\/li><li>Dressage linge de maison: draps et serviettes, torchons, tapis de bain&#8230;<\/li><\/ul>\n\n\n\n<h4><strong>Remise en habitation pour les propri\u00e9taires loueurs<\/strong><\/h4>\n\n\n\n<ul><li>Vidage carton et remplissage penderie<\/li><li>M\u00e9nage de fond (vitres, int\u00e9rieur placards)<\/li><li>Jardinage en option<\/li><li>Nettoyage terrasse<\/li><\/ul>\n\n\n\n<h2 class=\"has-large-font-size\">les +<\/h2>\n\n\n\n<div class=\"wp-block-media-text alignwide is-stacked-on-mobile is-vertically-aligned-center is-image-fill has-background\" style=\"background-color:#fcfa0045;grid-template-columns:34% auto\"><figure class=\"wp-block-media-text__media\" style=\"background-image:url(http:\/\/helloservices34.com\/wp-content\/uploads\/2022\/09\/Location-saisonnie\u0300re-Pack-Linge-WB-HelloServicesPro34.jpg);background-position:12% 50%\"><img loading=\"lazy\" width=\"927\" height=\"619\" src=\"http:\/\/helloservices34.com\/wp-content\/uploads\/2022\/09\/Location-saisonnie\u0300re-Pack-Linge-WB-HelloServicesPro34.jpg\" alt=\"\" class=\"wp-image-287 size-full\" srcset=\"https:\/\/helloservices34.com\/wp-content\/uploads\/2022\/09\/Location-saisonnie\u0300re-Pack-Linge-WB-HelloServicesPro34.jpg 927w, https:\/\/helloservices34.com\/wp-content\/uploads\/2022\/09\/Location-saisonnie\u0300re-Pack-Linge-WB-HelloServicesPro34-300x200.jpg 300w, https:\/\/helloservices34.com\/wp-content\/uploads\/2022\/09\/Location-saisonnie\u0300re-Pack-Linge-WB-HelloServicesPro34-768x513.jpg 768w\" sizes=\"(max-width: 767px) 89vw, (max-width: 1000px) 54vw, (max-width: 1071px) 543px, 580px\" \/><\/figure><div class=\"wp-block-media-text__content\">\n<div class=\"wp-container-1 wp-block-group\" style=\"padding-top:2em;padding-right:2em;padding-bottom:2em;padding-left:2em\"><div class=\"wp-block-group__inner-container\">\n<h1><strong>Pack linge<\/strong><\/h1>\n\n\n\n<h2>\u00e0 partir de 21,60 \u20ac<\/h2>\n\n\n\n<p><strong>Mise \u00e0 disposition du linge, pr\u00e9paration du pack, livraison.<\/strong> <strong>Nous amenons le linge propre et r\u00e9cup\u00e9rons le linge sale.<\/strong><\/p>\n\n\n\n<p>Le pack se compose de&nbsp;: 1 drap plat par lit . 1 housse de couette par lit . 1 taie d\u2019oreiller par personne . 1 grande serviette par personne . 1 petite serviette par personne . 1 tapis de bain par SDB . 1 torchon . 2 rouleaux de papier toilette . 1 sac poubelle (20l) . 2 sacs poubelle (50l)<\/p>\n<\/div><\/div>\n<\/div><\/div>\n\n\n\n<div class=\"wp-block-media-text alignwide is-stacked-on-mobile is-vertically-aligned-center is-image-fill has-background\" style=\"background-color:#817878;grid-template-columns:34% auto\"><figure class=\"wp-block-media-text__media\" style=\"background-image:url(http:\/\/helloservices34.com\/wp-content\/uploads\/2022\/09\/Location-saisonnie\u0300re-Checkinout-WB-HelloServicesPro34.jpg);background-position:71% 48%\"><img loading=\"lazy\" width=\"927\" height=\"618\" src=\"http:\/\/helloservices34.com\/wp-content\/uploads\/2022\/09\/Location-saisonnie\u0300re-Checkinout-WB-HelloServicesPro34.jpg\" alt=\"\" class=\"wp-image-288 size-full\" srcset=\"https:\/\/helloservices34.com\/wp-content\/uploads\/2022\/09\/Location-saisonnie\u0300re-Checkinout-WB-HelloServicesPro34.jpg 927w, https:\/\/helloservices34.com\/wp-content\/uploads\/2022\/09\/Location-saisonnie\u0300re-Checkinout-WB-HelloServicesPro34-300x200.jpg 300w, https:\/\/helloservices34.com\/wp-content\/uploads\/2022\/09\/Location-saisonnie\u0300re-Checkinout-WB-HelloServicesPro34-768x512.jpg 768w\" sizes=\"(max-width: 767px) 89vw, (max-width: 1000px) 54vw, (max-width: 1071px) 543px, 580px\" \/><\/figure><div class=\"wp-block-media-text__content\">\n<div class=\"wp-container-2 wp-block-group\" style=\"padding-top:2em;padding-right:2em;padding-bottom:2em;padding-left:2em\"><div class=\"wp-block-group__inner-container\">\n<h1 class=\"has-white-color has-text-color\"><strong>Check-in \/ Check-out<\/strong><\/h1>\n\n\n\n<h2 class=\"has-white-color has-text-color\">\u00e0 partir de 30 \u20ac<\/h2>\n\n\n\n<p class=\"has-white-color has-text-color\"><strong>Vous trouvez les locataires, nous nous chargeons de leur accueil et de la remise du book que vous nous aurez fourni.<\/strong><\/p>\n\n\n\n<p class=\"has-white-color has-text-color\">Celui-ci comprendra le livret d\u2019accueil, une fiche d\u2019\u00e9tat des lieux ainsi que tout autre document que vous jugerez n\u00e9cessaire.<\/p>\n<\/div><\/div>\n<\/div><\/div>\n\n\n\n<div class=\"wp-block-media-text alignwide is-stacked-on-mobile is-vertically-aligned-center is-image-fill has-background\" style=\"background-color:#ffbf004f;grid-template-columns:34% auto\"><figure class=\"wp-block-media-text__media\" style=\"background-image:url(http:\/\/helloservices34.com\/wp-content\/uploads\/2022\/09\/Me\u0301nage-de-fond-web-1024x683.jpg);background-position:39% 49%\"><img loading=\"lazy\" width=\"1024\" height=\"683\" src=\"http:\/\/helloservices34.com\/wp-content\/uploads\/2022\/09\/Me\u0301nage-de-fond-web-1024x683.jpg\" alt=\"\" class=\"wp-image-286 size-full\" srcset=\"https:\/\/helloservices34.com\/wp-content\/uploads\/2022\/09\/Me\u0301nage-de-fond-web-1024x683.jpg 1024w, https:\/\/helloservices34.com\/wp-content\/uploads\/2022\/09\/Me\u0301nage-de-fond-web-300x200.jpg 300w, https:\/\/helloservices34.com\/wp-content\/uploads\/2022\/09\/Me\u0301nage-de-fond-web-768x512.jpg 768w, https:\/\/helloservices34.com\/wp-content\/uploads\/2022\/09\/Me\u0301nage-de-fond-web.jpg 1476w\" sizes=\"(max-width: 767px) 89vw, (max-width: 1000px) 54vw, (max-width: 1071px) 543px, 580px\" \/><\/figure><div class=\"wp-block-media-text__content\">\n<div class=\"wp-container-3 wp-block-group\" style=\"padding-top:2em;padding-right:2em;padding-bottom:2em;padding-left:2em\"><div class=\"wp-block-group__inner-container\">\n<h1><strong>M\u00e9nage de fond<\/strong><\/h1>\n\n\n\n<h2>\u00e0 partir de 25 \u20ac<\/h2>\n\n\n\n<p><strong>Une fois par mois, entre vos locations, les logements sont nettoy\u00e9s dans les moindres d\u00e9tails. Plus compl\u00e8te que le m\u00e9nage classique entre les rotations, cette intervention comprend le nettoyage de&nbsp;: <\/strong>toutes les vitres, portes vitr\u00e9es, miroirs; poussi\u00e8re de tous les meubles, lustres, tableaux, poign\u00e9es de portes, interrupteurs, VMC; toute la vaisselle, int\u00e9rieur du four, micro-ondes, r\u00e9frig\u00e9rateur et cong\u00e9lateur, plan de travail, plaques de cuisson, \u00e9vier; int\u00e9rieur des placards et tiroirs; plinthes, marques sur les murs, portes, meubles; pieds des fauteuils, des canap\u00e9s, des lits; bondes de douche, contours des toilettes; terrasse; l&rsquo;aspirateur est lav\u00e9.<\/p>\n<\/div><\/div>\n<\/div><\/div>\n","protected":false},"excerpt":{"rendered":"<p>Propri\u00e9taires loueurs Chambres d\u2019h\u00f4tes \/ G\u00eetes \/ R\u00e9sidences de vacances Conciergeries \/ Agences immobili\u00e8res Vous louez un bien ou votre r\u00e9sidence pour de courts, moyens ou longs s\u00e9jours&nbsp;? D\u00e9couvrez tous nos services clef en main ou \u00e0 la carte, pour faciliter la gestion de vos locations saisonni\u00e8res. Entre les locations Accueil des locataires et remise &hellip; <\/p>\n<p class=\"link-more\"><a href=\"https:\/\/helloservices34.com\/?page_id=94\" class=\"more-link\">Continuer la lecture<span class=\"screen-reader-text\"> de &laquo;&nbsp;Location saisonni\u00e8re&nbsp;&raquo;<\/span><\/a><\/p>\n","protected":false},"author":1,"featured_media":0,"parent":0,"menu_order":2,"comment_status":"closed","ping_status":"closed","template":"","meta":[],"_links":{"self":[{"href":"https:\/\/helloservices34.com\/index.php?rest_route=\/wp\/v2\/pages\/94"}],"collection":[{"href":"https:\/\/helloservices34.com\/index.php?rest_route=\/wp\/v2\/pages"}],"about":[{"href":"https:\/\/helloservices34.com\/index.php?rest_route=\/wp\/v2\/types\/page"}],"author":[{"embeddable":true,"href":"https:\/\/helloservices34.com\/index.php?rest_route=\/wp\/v2\/users\/1"}],"replies":[{"embeddable":true,"href":"https:\/\/helloservices34.com\/index.php?rest_route=%2Fwp%2Fv2%2Fcomments&post=94"}],"version-history":[{"count":69,"href":"https:\/\/helloservices34.com\/index.php?rest_route=\/wp\/v2\/pages\/94\/revisions"}],"predecessor-version":[{"id":314,"href":"https:\/\/helloservices34.com\/index.php?rest_route=\/wp\/v2\/pages\/94\/revisions\/314"}],"wp:attachment":[{"href":"https:\/\/helloservices34.com\/index.php?rest_route=%2Fwp%2Fv2%2Fmedia&parent=94"}],"curies":[{"name":"wp","href":"https:\/\/api.w.org\/{rel}","templated":true}]}}