{"id":87,"date":"2022-07-18T15:19:59","date_gmt":"2022-07-18T13:19:59","guid":{"rendered":"http:\/\/helloservices34.com\/?page_id=87"},"modified":"2022-09-30T10:47:06","modified_gmt":"2022-09-30T08:47:06","slug":"qui-sommes-nous","status":"publish","type":"page","link":"https:\/\/helloservices34.com\/","title":{"rendered":"Qui sommes-nous ?"},"content":{"rendered":"\n<h2 class=\"has-large-font-size\">Nos services\u00a0<\/h2>\n\n\n\n<div class=\"wp-container-1 wp-block-buttons\">\n<div class=\"wp-block-button\"><a class=\"wp-block-button__link\" href=\"http:\/\/helloservices34.com\/?page_id=94\" target=\"_blank\" rel=\"noreferrer noopener\">LOCATION SAISONNI\u00c8RE<\/a><\/div>\n<\/div>\n\n\n\n<div class=\"wp-container-2 wp-block-buttons\">\n<div class=\"wp-block-button has-custom-font-size is-style-outline has-small-font-size\"><a class=\"wp-block-button__link\" href=\"http:\/\/helloservices34.com\/?page_id=94\" target=\"_blank\" rel=\"noreferrer noopener\">Particuliers propri\u00e9taires<\/a><\/div>\n\n\n\n<div class=\"wp-block-button is-style-outline\"><a class=\"wp-block-button__link\" href=\"http:\/\/helloservices34.com\/?page_id=94\" target=\"_blank\" rel=\"noreferrer noopener\">Agences immobili\u00e8res<\/a><\/div>\n\n\n\n<div class=\"wp-block-button is-style-outline\"><a class=\"wp-block-button__link\" href=\"http:\/\/helloservices34.com\/?page_id=94\" target=\"_blank\" rel=\"noreferrer noopener\">Chambres d\u2019h\u00f4tes<\/a><\/div>\n\n\n\n<div class=\"wp-block-button is-style-outline\"><a class=\"wp-block-button__link\" href=\"http:\/\/helloservices34.com\/?page_id=94\" target=\"_blank\" rel=\"noreferrer noopener\">G\u00eetes<\/a><\/div>\n\n\n\n<div class=\"wp-block-button is-style-outline\"><a class=\"wp-block-button__link\" href=\"http:\/\/helloservices34.com\/?page_id=94\" target=\"_blank\" rel=\"noreferrer noopener\">R\u00e9sidences de vacances<\/a><\/div>\n<\/div>\n\n\n\n<div class=\"wp-container-3 wp-block-buttons\">\n<div class=\"wp-block-button\"><a class=\"wp-block-button__link\" href=\"http:\/\/helloservices34.com\/?page_id=114\" target=\"_blank\" rel=\"noreferrer noopener\">LOCAUX PROFESSIONNELS<\/a><\/div>\n<\/div>\n\n\n\n<div class=\"wp-container-5 wp-block-group\"><div class=\"wp-block-group__inner-container\">\n<div class=\"wp-container-4 wp-block-buttons\">\n<div class=\"wp-block-button is-style-outline\"><a class=\"wp-block-button__link\" href=\"http:\/\/helloservices34.com\/?page_id=114\" target=\"_blank\" rel=\"noreferrer noopener\">Nettoyage<\/a><\/div>\n\n\n\n<div class=\"wp-block-button is-style-outline\"><a class=\"wp-block-button__link\" href=\"http:\/\/helloservices34.com\/?page_id=114\" target=\"_blank\" rel=\"noreferrer noopener\">Entretien<\/a><\/div>\n\n\n\n<div class=\"wp-block-button is-style-outline\"><a class=\"wp-block-button__link\" href=\"http:\/\/helloservices34.com\/?page_id=114\" target=\"_blank\" rel=\"noreferrer noopener\">Vitres<\/a><\/div>\n\n\n\n<div class=\"wp-block-button is-style-outline\"><a class=\"wp-block-button__link\" href=\"http:\/\/helloservices34.com\/?page_id=114\" target=\"_blank\" rel=\"noreferrer noopener\">Jardinage<\/a><\/div>\n<\/div>\n<\/div><\/div>\n\n\n\n<div class=\"wp-container-6 wp-block-buttons\"><\/div>\n\n\n\n<div class=\"wp-container-7 wp-block-buttons\">\n<div class=\"wp-block-button\"><a class=\"wp-block-button__link\" href=\"http:\/\/helloservices34.com\/?page_id=118\" target=\"_blank\" rel=\"noreferrer noopener\">SYNDICS &amp; AGENCES IMMOBILI\u00c8RES <\/a><\/div>\n\n\n\n<div class=\"wp-block-button\"><a class=\"wp-block-button__link\" href=\"http:\/\/helloservices34.com\/?page_id=118\" target=\"_blank\" rel=\"noreferrer noopener\">COMMERCES<\/a><\/div>\n<\/div>\n\n\n\n<div class=\"wp-container-9 wp-block-group\"><div class=\"wp-block-group__inner-container\">\n<div class=\"wp-container-8 wp-block-buttons\"><\/div>\n<\/div><\/div>\n\n\n\n<div class=\"wp-container-10 wp-block-buttons\">\n<div class=\"wp-block-button is-style-outline\"><a class=\"wp-block-button__link\" href=\"http:\/\/helloservices34.com\/?page_id=118\" target=\"_blank\" rel=\"noreferrer noopener\">M\u00e9nage entre locations longue dur\u00e9e<\/a><\/div>\n\n\n\n<div class=\"wp-block-button is-style-outline\"><a class=\"wp-block-button__link\" href=\"http:\/\/helloservices34.com\/?page_id=118\" target=\"_blank\" rel=\"noreferrer noopener\">Nettoyage des parties communes<\/a><\/div>\n\n\n\n<div class=\"wp-block-button is-style-outline\"><a class=\"wp-block-button__link\" href=\"http:\/\/helloservices34.com\/?page_id=118\" target=\"_blank\" rel=\"noreferrer noopener\">M\u00e9nage de fond dans les commerces<\/a><\/div>\n<\/div>\n\n\n\n<div class=\"wp-container-11 wp-block-buttons\">\n<div class=\"wp-block-button\"><a class=\"wp-block-button__link\" href=\"http:\/\/helloservices34.com\/?page_id=124\" target=\"_blank\" rel=\"noreferrer noopener\">SURVEILLANCE D\u2019EXAMEN<\/a><\/div>\n<\/div>\n\n\n\n<div class=\"wp-container-12 wp-block-buttons\">\n<div class=\"wp-block-button is-style-outline\"><a class=\"wp-block-button__link\" href=\"http:\/\/helloservices34.com\/?page_id=124\" target=\"_blank\" rel=\"noreferrer noopener\">\u00c9tablissements publics<\/a><\/div>\n\n\n\n<div class=\"wp-block-button is-style-outline\"><a class=\"wp-block-button__link\" href=\"http:\/\/helloservices34.com\/?page_id=124\" target=\"_blank\" rel=\"noreferrer noopener\">\u00c9tablissements priv\u00e9s<\/a><\/div>\n<\/div>\n\n\n\n<p><\/p>\n\n\n<div class=\"wp-block-image\">\n<figure class=\"alignleft size-full\"><img loading=\"lazy\" width=\"724\" height=\"1024\" src=\"http:\/\/helloservices34.com\/wp-content\/uploads\/2022\/08\/Accueil-724x1024-1.jpg\" alt=\"\" class=\"wp-image-243\" srcset=\"https:\/\/helloservices34.com\/wp-content\/uploads\/2022\/08\/Accueil-724x1024-1.jpg 724w, https:\/\/helloservices34.com\/wp-content\/uploads\/2022\/08\/Accueil-724x1024-1-212x300.jpg 212w\" sizes=\"(max-width: 724px) 100vw, 724px\" \/><\/figure><\/div>\n\n\n<p><\/p>\n\n\n\n<p><\/p>\n\n\n\n<h2>Depuis 2015, Hello Services Pro assure l\u2019entretien de locaux commerciaux (bureaux, cabinets m\u00e9dicaux, commerces\u2026), ainsi que la gestion et l\u2019entretien de logements de location saisonni\u00e8re pour le compte d\u2019agences immobili\u00e8res, de conciergeries, de chambres d\u2019h\u00f4tes \/ g\u00eetes et de particuliers propri\u00e9taires.<\/h2>\n\n\n\n<p><strong>Nous intervenons sur Montpellier grande agglom\u00e9ration ainsi que N\u00eemes et B\u00e9ziers.<\/strong><\/p>\n\n\n\n<p>Notre \u00e9quipe est compos\u00e9e de 25 intervenantes qui r\u00e9alisent avec professionnalisme et bonne humeur leurs interventions ainsi que 4 collaboratrices administratives qui s\u2019appliquent \u00e0 r\u00e9pondre au mieux aux besoins et attentes de nos clients et intervenantes qu\u2019elles accompagnent au quotidien.<\/p>\n\n\n\n<p>Le recrutement est pour nous un enjeu essentiel, c\u2019est pourquoi nous y attachons une importance particuli\u00e8re. Un processus de recrutement a \u00e9t\u00e9 mis en place pour s\u00e9lectionner avec rigueur des intervenantes ayant un savoir-faire et un savoir \u00eatre. Celles-ci choisissent le nombre d\u2019heures qu\u2019elles souhaitent, leurs horaires de travail et nous construisons ensemble leur planning. Elles re\u00e7oivent \u00e9galement des formations de perfectionnement pour assurer un service de qualit\u00e9.<\/p>\n\n\n\n<p>L\u2019humain est au c\u0153ur de notre m\u00e9tier, nous proposons des services adapt\u00e9s \u00e0 chacun de nos clients en s\u00e9lectionnant avec soin l\u2019intervenante qui leur conviendra le mieux en fonction de leur demande. Un rendez-vous de pr\u00e9sentation est programm\u00e9 avant chaque premi\u00e8re intervention afin de pr\u00e9senter les sp\u00e9cificit\u00e9s du logement ou du local commercial. Nous avons \u00e0 notre disposition plusieurs outils pour le suivi des interventions dont des contr\u00f4les qualit\u00e9s.<\/p>\n\n\n\n<p><strong>Hello Services Pro est \u00e0 l\u2019\u00e9coute de tous vos besoins !<\/strong><\/p>\n","protected":false},"excerpt":{"rendered":"<p>Nos services\u00a0 Depuis 2015, Hello Services Pro assure l\u2019entretien de locaux commerciaux (bureaux, cabinets m\u00e9dicaux, commerces\u2026), ainsi que la gestion et l\u2019entretien de logements de location saisonni\u00e8re pour le compte d\u2019agences immobili\u00e8res, de conciergeries, de chambres d\u2019h\u00f4tes \/ g\u00eetes et de particuliers propri\u00e9taires. Nous intervenons sur Montpellier grande agglom\u00e9ration ainsi que N\u00eemes et B\u00e9ziers. Notre &hellip; <\/p>\n<p class=\"link-more\"><a href=\"https:\/\/helloservices34.com\/\" class=\"more-link\">Continuer la lecture<span class=\"screen-reader-text\"> de &laquo;&nbsp;Qui sommes-nous ?&nbsp;&raquo;<\/span><\/a><\/p>\n","protected":false},"author":1,"featured_media":0,"parent":0,"menu_order":1,"comment_status":"closed","ping_status":"closed","template":"","meta":[],"_links":{"self":[{"href":"https:\/\/helloservices34.com\/index.php?rest_route=\/wp\/v2\/pages\/87"}],"collection":[{"href":"https:\/\/helloservices34.com\/index.php?rest_route=\/wp\/v2\/pages"}],"about":[{"href":"https:\/\/helloservices34.com\/index.php?rest_route=\/wp\/v2\/types\/page"}],"author":[{"embeddable":true,"href":"https:\/\/helloservices34.com\/index.php?rest_route=\/wp\/v2\/users\/1"}],"replies":[{"embeddable":true,"href":"https:\/\/helloservices34.com\/index.php?rest_route=%2Fwp%2Fv2%2Fcomments&post=87"}],"version-history":[{"count":36,"href":"https:\/\/helloservices34.com\/index.php?rest_route=\/wp\/v2\/pages\/87\/revisions"}],"predecessor-version":[{"id":251,"href":"https:\/\/helloservices34.com\/index.php?rest_route=\/wp\/v2\/pages\/87\/revisions\/251"}],"wp:attachment":[{"href":"https:\/\/helloservices34.com\/index.php?rest_route=%2Fwp%2Fv2%2Fmedia&parent=87"}],"curies":[{"name":"wp","href":"https:\/\/api.w.org\/{rel}","templated":true}]}}