{"id":124,"date":"2022-07-18T15:20:47","date_gmt":"2022-07-18T13:20:47","guid":{"rendered":"http:\/\/helloservices34.com\/?page_id=124"},"modified":"2022-07-26T15:57:33","modified_gmt":"2022-07-26T13:57:33","slug":"surveillance-dexamen","status":"publish","type":"page","link":"https:\/\/helloservices34.com\/?page_id=124","title":{"rendered":"Surveillance d&rsquo;examen"},"content":{"rendered":"\n<h2>Hello Services Pro met \u00e0 disposition son r\u00e9seau d\u2019intervenant(e)s dans les \u00e9tablissements publics et priv\u00e9s pour vos besoins de surveillance d\u2019examens, contr\u00f4les, \u00e9tudes de cas et \u00e9preuves de rattrapage.<\/h2>\n\n\n\n<h4>Nous r\u00e9alisons la surveillance des examens de niveau Bac \u00e0 Bac +5.<\/h4>\n\n\n\n<p>Nos intervenant(e)s sont form\u00e9(e)s aux proc\u00e9dures strictes de surveillance d\u2019examens sur papier afin de garantir le bon d\u00e9roulement des \u00e9preuves.<\/p>\n\n\n\n<p>Hello Services Pro met \u00e0 votre service son exp\u00e9rience et sa rigueur afin d\u2019assurer la surveillance de l\u2019ensemble des examens dans vos \u00e9tablissements. Une convention entre Hello Services Pro, l\u2019\u00e9tablissement et les surveillants en fixe les modalit\u00e9s.<\/p>\n\n\n\n<figure class=\"wp-block-image size-large\"><img loading=\"lazy\" width=\"1024\" height=\"682\" src=\"https:\/\/helloservices34.com\/wp-content\/uploads\/2022\/07\/Surveillance-examen-WB-HelloServicesPro34-1024x682.jpg\" alt=\"\" class=\"wp-image-205\" srcset=\"https:\/\/helloservices34.com\/wp-content\/uploads\/2022\/07\/Surveillance-examen-WB-HelloServicesPro34-1024x682.jpg 1024w, https:\/\/helloservices34.com\/wp-content\/uploads\/2022\/07\/Surveillance-examen-WB-HelloServicesPro34-300x200.jpg 300w, https:\/\/helloservices34.com\/wp-content\/uploads\/2022\/07\/Surveillance-examen-WB-HelloServicesPro34-768x512.jpg 768w, https:\/\/helloservices34.com\/wp-content\/uploads\/2022\/07\/Surveillance-examen-WB-HelloServicesPro34.jpg 1181w\" sizes=\"(max-width: 767px) 89vw, (max-width: 1000px) 54vw, (max-width: 1071px) 543px, 580px\" \/><\/figure>\n\n\n\n<h2><strong>Les +<\/strong><\/h2>\n\n\n\n<p>Pr\u00e9paration de la salle d\u2019examen<\/p>\n\n\n\n<p>R\u00e9cup\u00e9ration des sujets et copies au sein de l\u2019\u00e9tablissement<\/p>\n\n\n\n<p>Gestion des documents (proc\u00e8s-verbal, liste d\u2019\u00e9tudiants, copies et annexes, brouillons, fiche incident\u2026)<\/p>\n\n\n\n<p>Rangement des sacs, t\u00e9l\u00e9phones, montres connect\u00e9es appartenant aux \u00e9tudiants<\/p>\n\n\n\n<p>Participation au bon d\u00e9roulement de l\u2019\u00e9preuve&nbsp;: silence, accompagnement des \u00e9tudiants vers les toilettes, distribution des brouillons, indication du temps restant\u2026<\/p>\n\n\n\n<p>Veille sur les outils de fraude<\/p>\n\n\n\n<p>Application de la proc\u00e9dure en cas de tricherie<\/p>\n","protected":false},"excerpt":{"rendered":"<p>Hello Services Pro met \u00e0 disposition son r\u00e9seau d\u2019intervenant(e)s dans les \u00e9tablissements publics et priv\u00e9s pour vos besoins de surveillance d\u2019examens, contr\u00f4les, \u00e9tudes de cas et \u00e9preuves de rattrapage. Nous r\u00e9alisons la surveillance des examens de niveau Bac \u00e0 Bac +5. Nos intervenant(e)s sont form\u00e9(e)s aux proc\u00e9dures strictes de surveillance d\u2019examens sur papier afin de &hellip; <\/p>\n<p class=\"link-more\"><a href=\"https:\/\/helloservices34.com\/?page_id=124\" class=\"more-link\">Continuer la lecture<span class=\"screen-reader-text\"> de &laquo;&nbsp;Surveillance d&rsquo;examen&nbsp;&raquo;<\/span><\/a><\/p>\n","protected":false},"author":1,"featured_media":0,"parent":0,"menu_order":5,"comment_status":"closed","ping_status":"closed","template":"","meta":[],"_links":{"self":[{"href":"https:\/\/helloservices34.com\/index.php?rest_route=\/wp\/v2\/pages\/124"}],"collection":[{"href":"https:\/\/helloservices34.com\/index.php?rest_route=\/wp\/v2\/pages"}],"about":[{"href":"https:\/\/helloservices34.com\/index.php?rest_route=\/wp\/v2\/types\/page"}],"author":[{"embeddable":true,"href":"https:\/\/helloservices34.com\/index.php?rest_route=\/wp\/v2\/users\/1"}],"replies":[{"embeddable":true,"href":"https:\/\/helloservices34.com\/index.php?rest_route=%2Fwp%2Fv2%2Fcomments&post=124"}],"version-history":[{"count":4,"href":"https:\/\/helloservices34.com\/index.php?rest_route=\/wp\/v2\/pages\/124\/revisions"}],"predecessor-version":[{"id":207,"href":"https:\/\/helloservices34.com\/index.php?rest_route=\/wp\/v2\/pages\/124\/revisions\/207"}],"wp:attachment":[{"href":"https:\/\/helloservices34.com\/index.php?rest_route=%2Fwp%2Fv2%2Fmedia&parent=124"}],"curies":[{"name":"wp","href":"https:\/\/api.w.org\/{rel}","templated":true}]}}