{"id":114,"date":"2022-07-18T15:23:00","date_gmt":"2022-07-18T13:23:00","guid":{"rendered":"http:\/\/helloservices34.com\/?page_id=114"},"modified":"2022-09-30T11:01:13","modified_gmt":"2022-09-30T09:01:13","slug":"locaux-professionnels","status":"publish","type":"page","link":"https:\/\/helloservices34.com\/?page_id=114","title":{"rendered":"Locaux professionnels"},"content":{"rendered":"\n<figure class=\"wp-block-image size-large\"><img loading=\"lazy\" width=\"1024\" height=\"682\" src=\"https:\/\/helloservices34.com\/wp-content\/uploads\/2022\/07\/Locaux-professionnels-WB-HelloServicesPro-1024x682.jpg\" alt=\"\" class=\"wp-image-219\" srcset=\"https:\/\/helloservices34.com\/wp-content\/uploads\/2022\/07\/Locaux-professionnels-WB-HelloServicesPro-1024x682.jpg 1024w, https:\/\/helloservices34.com\/wp-content\/uploads\/2022\/07\/Locaux-professionnels-WB-HelloServicesPro-300x200.jpg 300w, https:\/\/helloservices34.com\/wp-content\/uploads\/2022\/07\/Locaux-professionnels-WB-HelloServicesPro-768x512.jpg 768w, https:\/\/helloservices34.com\/wp-content\/uploads\/2022\/07\/Locaux-professionnels-WB-HelloServicesPro.jpg 1181w\" sizes=\"(max-width: 767px) 89vw, (max-width: 1000px) 54vw, (max-width: 1071px) 543px, 580px\" \/><\/figure>\n\n\n\n<div class=\"wp-container-1 wp-block-group\"><div class=\"wp-block-group__inner-container\">\n<h2>M\u00e9nage dans les bureaux, cabinets m\u00e9dicaux, locaux commerciaux<\/h2>\n\n\n\n<h2>Approvisionnement en produits, mat\u00e9riel et consommables<\/h2>\n\n\n\n<h2>D\u00e9capage des sols<\/h2>\n\n\n\n<h2>M\u00e9nage dans les salles de r\u00e9union, salles de restauration, sanitaires, poubelles\u2026<\/h2>\n\n\n\n<h2>Interventions vitres, vitrines<\/h2>\n\n\n\n<h2>Jardinage <\/h2>\n\n\n\n<h2>Bricolage<\/h2>\n<\/div><\/div>\n","protected":false},"excerpt":{"rendered":"<p>M\u00e9nage dans les bureaux, cabinets m\u00e9dicaux, locaux commerciaux Approvisionnement en produits, mat\u00e9riel et consommables D\u00e9capage des sols M\u00e9nage dans les salles de r\u00e9union, salles de restauration, sanitaires, poubelles\u2026 Interventions vitres, vitrines Jardinage Bricolage<\/p>\n","protected":false},"author":1,"featured_media":0,"parent":0,"menu_order":3,"comment_status":"closed","ping_status":"closed","template":"","meta":[],"_links":{"self":[{"href":"https:\/\/helloservices34.com\/index.php?rest_route=\/wp\/v2\/pages\/114"}],"collection":[{"href":"https:\/\/helloservices34.com\/index.php?rest_route=\/wp\/v2\/pages"}],"about":[{"href":"https:\/\/helloservices34.com\/index.php?rest_route=\/wp\/v2\/types\/page"}],"author":[{"embeddable":true,"href":"https:\/\/helloservices34.com\/index.php?rest_route=\/wp\/v2\/users\/1"}],"replies":[{"embeddable":true,"href":"https:\/\/helloservices34.com\/index.php?rest_route=%2Fwp%2Fv2%2Fcomments&post=114"}],"version-history":[{"count":12,"href":"https:\/\/helloservices34.com\/index.php?rest_route=\/wp\/v2\/pages\/114\/revisions"}],"predecessor-version":[{"id":258,"href":"https:\/\/helloservices34.com\/index.php?rest_route=\/wp\/v2\/pages\/114\/revisions\/258"}],"wp:attachment":[{"href":"https:\/\/helloservices34.com\/index.php?rest_route=%2Fwp%2Fv2%2Fmedia&parent=114"}],"curies":[{"name":"wp","href":"https:\/\/api.w.org\/{rel}","templated":true}]}}